{"id":113,"date":"2026-01-13T15:13:38","date_gmt":"2026-01-13T15:13:38","guid":{"rendered":"https:\/\/www.feuerwehr-warmensteinach.de\/?page_id=113"},"modified":"2026-01-13T15:13:38","modified_gmt":"2026-01-13T15:13:38","slug":"anhaenger-notstrom","status":"publish","type":"page","link":"https:\/\/www.feuerwehr-warmensteinach.de\/?page_id=113","title":{"rendered":"Anh\u00e4nger Notstrom"},"content":{"rendered":"\n<p>Der Notstromanh\u00e4nger der Freiwilligen Feuerwehr Warmensteinach dient zur Sicherstellung der Stromversorgung bei Stromausf\u00e4llen und besonderen Einsatzlagen. Er kommt insbesondere bei l\u00e4ngeren Stromausf\u00e4llen, an Einsatzstellen ohne feste Stromversorgung sowie zur Unterst\u00fctzung kritischer Infrastruktur zum Einsatz.<\/p>\n\n\n\n<p>Mit seiner Ausstattung erm\u00f6glicht der Anh\u00e4nger den unabh\u00e4ngigen Betrieb von Ger\u00e4ten, Beleuchtung und wichtigen Einrichtungen und stellt damit einen wichtigen Baustein im Bereich der Einsatzunterst\u00fctzung und der Notfallvorsorge dar.<\/p>\n\n\n\n<figure class=\"wp-block-image size-large\"><img loading=\"lazy\" decoding=\"async\" width=\"1024\" height=\"683\" src=\"https:\/\/www.feuerwehr-warmensteinach.de\/wp-content\/uploads\/2026\/01\/Anh-NEA-1024x683.png\" alt=\"\" class=\"wp-image-116\" srcset=\"https:\/\/www.feuerwehr-warmensteinach.de\/wp-content\/uploads\/2026\/01\/Anh-NEA-1024x683.png 1024w, https:\/\/www.feuerwehr-warmensteinach.de\/wp-content\/uploads\/2026\/01\/Anh-NEA-300x200.png 300w, https:\/\/www.feuerwehr-warmensteinach.de\/wp-content\/uploads\/2026\/01\/Anh-NEA-768x512.png 768w, https:\/\/www.feuerwehr-warmensteinach.de\/wp-content\/uploads\/2026\/01\/Anh-NEA.png 1536w\" sizes=\"auto, (max-width: 1024px) 100vw, 1024px\" \/><\/figure>\n\n\n\n<figure class=\"wp-block-table\"><table class=\"has-fixed-layout\"><tbody><tr><td>Baujahr:<\/td><td>2025<\/td><\/tr><tr><td>Hersteller:<\/td><td>Ehebauer Fahrzeugbau<\/td><\/tr><tr><td>Beladung: &nbsp; &nbsp; &nbsp; &nbsp;<\/td><td>Stromerzeuger 69 kVA<br>Kabel, Verteiler, div. Werkzeuge<\/td><\/tr><\/tbody><\/table><\/figure>\n","protected":false},"excerpt":{"rendered":"<p>Der Notstromanh\u00e4nger der Freiwilligen Feuerwehr Warmensteinach dient zur Sicherstellung der Stromversorgung bei Stromausf\u00e4llen und besonderen Einsatzlagen. Er kommt insbesondere bei l\u00e4ngeren Stromausf\u00e4llen, an Einsatzstellen ohne feste Stromversorgung sowie zur Unterst\u00fctzung kritischer Infrastruktur zum Einsatz. Mit seiner Ausstattung erm\u00f6glicht der Anh\u00e4nger den unabh\u00e4ngigen Betrieb von Ger\u00e4ten, Beleuchtung und wichtigen Einrichtungen und stellt damit einen wichtigen Baustein [&hellip;]<\/p>\n","protected":false},"author":1,"featured_media":0,"parent":0,"menu_order":0,"comment_status":"closed","ping_status":"closed","template":"","meta":{"footnotes":""},"class_list":["post-113","page","type-page","status-publish","hentry"],"_links":{"self":[{"href":"https:\/\/www.feuerwehr-warmensteinach.de\/index.php?rest_route=\/wp\/v2\/pages\/113","targetHints":{"allow":["GET"]}}],"collection":[{"href":"https:\/\/www.feuerwehr-warmensteinach.de\/index.php?rest_route=\/wp\/v2\/pages"}],"about":[{"href":"https:\/\/www.feuerwehr-warmensteinach.de\/index.php?rest_route=\/wp\/v2\/types\/page"}],"author":[{"embeddable":true,"href":"https:\/\/www.feuerwehr-warmensteinach.de\/index.php?rest_route=\/wp\/v2\/users\/1"}],"replies":[{"embeddable":true,"href":"https:\/\/www.feuerwehr-warmensteinach.de\/index.php?rest_route=%2Fwp%2Fv2%2Fcomments&post=113"}],"version-history":[{"count":2,"href":"https:\/\/www.feuerwehr-warmensteinach.de\/index.php?rest_route=\/wp\/v2\/pages\/113\/revisions"}],"predecessor-version":[{"id":117,"href":"https:\/\/www.feuerwehr-warmensteinach.de\/index.php?rest_route=\/wp\/v2\/pages\/113\/revisions\/117"}],"wp:attachment":[{"href":"https:\/\/www.feuerwehr-warmensteinach.de\/index.php?rest_route=%2Fwp%2Fv2%2Fmedia&parent=113"}],"curies":[{"name":"wp","href":"https:\/\/api.w.org\/{rel}","templated":true}]}}