{"id":122,"date":"2026-04-13T12:18:01","date_gmt":"2026-04-13T12:18:01","guid":{"rendered":"https:\/\/www.feuerwehr-warmensteinach.de\/?page_id=122"},"modified":"2026-04-14T11:01:49","modified_gmt":"2026-04-14T11:01:49","slug":"fahrzeugweihe","status":"publish","type":"page","link":"https:\/\/www.feuerwehr-warmensteinach.de\/?page_id=122","title":{"rendered":"Fahrzeugweihe"},"content":{"rendered":"\n<p class=\"has-text-align-center has-big-font-size\"><strong>SAVE THE DATE <\/strong><\/p>\n\n\n\n<p class=\"has-text-align-center has-big-font-size\"><strong>05.06. &#8211; 06.06.2027<\/strong><\/p>\n\n\n\n<p class=\"has-text-align-center has-big-font-size\"><\/p>\n\n\n\n<p class=\"has-regular-font-size\">Das Warten hat ein Ende \u2013 und gleichzeitig hei\u00dft es Abschied nehmen:<br>Nach \u00fcber 40 Jahren treuer Dienstzeit d\u00fcrfen wir unser TLF 8\/18 in den wohlverdienten Ruhestand verabschieden. Viele Eins\u00e4tze, \u00dcbungen und unz\u00e4hlige Stunden im Dienst verbinden uns mit diesem Fahrzeug.<\/p>\n\n\n\n<p class=\"has-regular-font-size\">Umso mehr freuen wir uns, gemeinsam mit euch die Fahrzeugweihe unseres neuen Tankl\u00f6schfahrzeugs <strong>TLF 3000<\/strong> feiern zu d\u00fcrfen. Mit ihm beginnt ein neues Kapitel \u2013 moderne Technik, mehr Leistungsf\u00e4higkeit und noch mehr Sicherheit f\u00fcr unsere Eins\u00e4tze.<\/p>\n\n\n\n<p class=\"has-regular-font-size\">Neben dem offiziellen Programm erwartet euch ein geselliges Fest f\u00fcr die ganze Familie \u2013 mit Musik, guter Verpflegung und spannenden Einblicken in die Arbeit eurer Feuerwehr.<br>Freut euch auf zwei abwechslungsreiche Tage rund um Feuerwehr, Technik und Gemeinschaft!<\/p>\n\n\n\n<hr class=\"wp-block-separator has-alpha-channel-opacity\"\/>\n\n\n\n<p class=\"has-heading-color has-text-color has-link-color has-big-font-size wp-elements-4c13390d0f219763d2bdf4cd0e5ea9e9\"><strong>Die Sternfahrt &#8211; Das Highlight des Festwochenendes<\/strong><\/p>\n\n\n\n<p class=\"has-regular-font-size\">Ganz egal ob moderner <strong>Unimog<\/strong>, klassischer <strong>MB-trac<\/strong> oder ein anderes Fahrzeug aus dem Hause Mercedes \u2013 bei uns sind alle Generationen willkommen. Im Mittelpunkt steht die gemeinsame Ausfahrt und die Begeisterung f\u00fcr die Technik, die uns verbindet.<\/p>\n\n\n\n<p class=\"has-regular-font-size\">Freut euch auf ein beeindruckendes Bild aus vielen Fahrzeugen, die eines gemeinsam haben: Den Stern.<\/p>\n\n\n\n<p class=\"has-large-font-size\"><strong>Ihr m\u00f6chtet mit eurem Verein oder Fahrzeug teilnehmen? <\/strong><\/p>\n\n\n\n<p class=\"has-large-font-size\"><a href=\"https:\/\/www.feuerwehr-warmensteinach.de\/?page_id=156\" data-type=\"page\" data-id=\"156\"><strong>Wir freuen uns auf euch \u2013 nutzt einfach unser Anmeldeformular<\/strong>!<\/a><\/p>\n\n\n\n<p><\/p>\n\n\n\n<hr class=\"wp-block-separator has-alpha-channel-opacity\"\/>\n\n\n\n<h2 class=\"wp-block-heading has-big-font-size\">Samstag &#8211; Partyabend &amp; Festbetrieb \ud83c\udf89<\/h2>\n\n\n\n<p class=\"has-regular-font-size\">Der Samstag steht ganz im Zeichen der offiziellen Er\u00f6ffnung und eines stimmungsvollen Partyabends.<\/p>\n\n\n\n<p class=\"has-regular-font-size\">Nach der Begr\u00fc\u00dfung beginnt das Fest mit dem Auftaktprogramm rund um unser neues Fahrzeug. <\/p>\n\n\n\n<div class=\"wp-block-cover aligncenter\" style=\"min-height:753px;aspect-ratio:unset;\"><img loading=\"lazy\" decoding=\"async\" width=\"300\" height=\"300\" class=\"wp-block-cover__image-background wp-image-130 size-medium\" alt=\"\" src=\"https:\/\/www.feuerwehr-warmensteinach.de\/wp-content\/uploads\/2026\/04\/button_rund_mit--300x300.png\" style=\"object-position:49% 23%\" data-object-fit=\"cover\" data-object-position=\"49% 23%\" srcset=\"https:\/\/www.feuerwehr-warmensteinach.de\/wp-content\/uploads\/2026\/04\/button_rund_mit--300x300.png 300w, https:\/\/www.feuerwehr-warmensteinach.de\/wp-content\/uploads\/2026\/04\/button_rund_mit--1024x1024.png 1024w, https:\/\/www.feuerwehr-warmensteinach.de\/wp-content\/uploads\/2026\/04\/button_rund_mit--150x150.png 150w, https:\/\/www.feuerwehr-warmensteinach.de\/wp-content\/uploads\/2026\/04\/button_rund_mit--768x768.png 768w, https:\/\/www.feuerwehr-warmensteinach.de\/wp-content\/uploads\/2026\/04\/button_rund_mit-.png 1063w\" sizes=\"auto, (max-width: 300px) 100vw, 300px\" \/><span aria-hidden=\"true\" class=\"wp-block-cover__background has-background-dim-60 has-background-dim\"><\/span><div class=\"wp-block-cover__inner-container is-layout-flow wp-block-cover-is-layout-flow\">\n<p class=\"has-text-align-left has-extra-large-font-size\">Freut euch auf:<\/p>\n\n\n\n<p class=\"has-regular-font-size\">Festzeltbetrieb mit Speisen und Getr\u00e4nken<\/p>\n\n\n\n<p class=\"has-regular-font-size\">Live-Musik und Partystimmung mit den Lederhosen Lackl<\/p>\n\n\n\n<p class=\"has-regular-font-size\">Barbetrieb<\/p>\n\n\n\n<p><\/p>\n\n\n\n<p class=\"has-regular-font-size\"><strong>Ein perfekter Abend f\u00fcr alle, die gemeinsam feiern und einen geselligen Abend verbringen m\u00f6chten.<\/strong><\/p>\n<\/div><\/div>\n\n\n\n<hr class=\"wp-block-separator has-alpha-channel-opacity\"\/>\n\n\n\n<h2 class=\"wp-block-heading has-big-font-size\">Sonntag \u2013 Fahrzeugweihe &amp; Familientag \ud83d\ude92<\/h2>\n\n\n\n<div class=\"wp-block-cover\" style=\"min-height:483px;aspect-ratio:unset;\"><img loading=\"lazy\" decoding=\"async\" width=\"1024\" height=\"683\" class=\"wp-block-cover__image-background wp-image-134\" alt=\"\" src=\"https:\/\/www.feuerwehr-warmensteinach.de\/wp-content\/uploads\/2026\/04\/tlf3000-farbe-1024x683.png\" data-object-fit=\"cover\" srcset=\"https:\/\/www.feuerwehr-warmensteinach.de\/wp-content\/uploads\/2026\/04\/tlf3000-farbe-1024x683.png 1024w, https:\/\/www.feuerwehr-warmensteinach.de\/wp-content\/uploads\/2026\/04\/tlf3000-farbe-300x200.png 300w, https:\/\/www.feuerwehr-warmensteinach.de\/wp-content\/uploads\/2026\/04\/tlf3000-farbe-768x512.png 768w, https:\/\/www.feuerwehr-warmensteinach.de\/wp-content\/uploads\/2026\/04\/tlf3000-farbe.png 1536w\" sizes=\"auto, (max-width: 1024px) 100vw, 1024px\" \/><span aria-hidden=\"true\" class=\"wp-block-cover__background has-background-dim\"><\/span><div class=\"wp-block-cover__inner-container is-layout-flow wp-block-cover-is-layout-flow\">\n<p class=\"has-text-align-left has-large-font-size\">Am Sonntag steht die traditionelle Fahrzeugweihe unseres neuen TLF 3000 im Mittelpunkt.<\/p>\n\n\n\n<p class=\"has-regular-font-size\">Der Tag beginnt mit einem feierlichen Zeltgottesdienst mit offizieller Segnung des Fahrzeugs und einem anschlie\u00dfenden Fr\u00fchschoppen mit Blasmusik.<\/p>\n\n\n\n<p class=\"has-regular-font-size\">Im weiteren Verlauf erwartet euch:<\/p>\n\n\n\n<p class=\"has-regular-font-size\">Sternfahrt mit Mercedes-Benz-Fahrzeugen und Oldtimern<\/p>\n\n\n\n<p class=\"has-regular-font-size\">gem\u00fctlicher Festausklang<\/p>\n\n\n\n<p class=\"has-regular-font-size\">Kaffee &amp; Kuchen<\/p>\n<\/div><\/div>\n","protected":false},"excerpt":{"rendered":"<p>SAVE THE DATE 05.06. &#8211; 06.06.2027 Das Warten hat ein Ende \u2013 und gleichzeitig hei\u00dft es Abschied nehmen:Nach \u00fcber 40 Jahren treuer Dienstzeit d\u00fcrfen wir unser TLF 8\/18 in den wohlverdienten Ruhestand verabschieden. Viele Eins\u00e4tze, \u00dcbungen und unz\u00e4hlige Stunden im Dienst verbinden uns mit diesem Fahrzeug. Umso mehr freuen wir uns, gemeinsam mit euch die [&hellip;]<\/p>\n","protected":false},"author":1,"featured_media":0,"parent":0,"menu_order":0,"comment_status":"closed","ping_status":"closed","template":"","meta":{"footnotes":""},"class_list":["post-122","page","type-page","status-publish","hentry"],"_links":{"self":[{"href":"https:\/\/www.feuerwehr-warmensteinach.de\/index.php?rest_route=\/wp\/v2\/pages\/122","targetHints":{"allow":["GET"]}}],"collection":[{"href":"https:\/\/www.feuerwehr-warmensteinach.de\/index.php?rest_route=\/wp\/v2\/pages"}],"about":[{"href":"https:\/\/www.feuerwehr-warmensteinach.de\/index.php?rest_route=\/wp\/v2\/types\/page"}],"author":[{"embeddable":true,"href":"https:\/\/www.feuerwehr-warmensteinach.de\/index.php?rest_route=\/wp\/v2\/users\/1"}],"replies":[{"embeddable":true,"href":"https:\/\/www.feuerwehr-warmensteinach.de\/index.php?rest_route=%2Fwp%2Fv2%2Fcomments&post=122"}],"version-history":[{"count":15,"href":"https:\/\/www.feuerwehr-warmensteinach.de\/index.php?rest_route=\/wp\/v2\/pages\/122\/revisions"}],"predecessor-version":[{"id":171,"href":"https:\/\/www.feuerwehr-warmensteinach.de\/index.php?rest_route=\/wp\/v2\/pages\/122\/revisions\/171"}],"wp:attachment":[{"href":"https:\/\/www.feuerwehr-warmensteinach.de\/index.php?rest_route=%2Fwp%2Fv2%2Fmedia&parent=122"}],"curies":[{"name":"wp","href":"https:\/\/api.w.org\/{rel}","templated":true}]}}