{"id":26,"date":"2026-01-09T12:17:45","date_gmt":"2026-01-09T12:17:45","guid":{"rendered":"https:\/\/neu.feuerwehr-warmensteinach.de\/?page_id=26"},"modified":"2026-01-10T12:09:46","modified_gmt":"2026-01-10T12:09:46","slug":"vorstandschaft","status":"publish","type":"page","link":"https:\/\/www.feuerwehr-warmensteinach.de\/?page_id=26","title":{"rendered":"Vorstandschaft"},"content":{"rendered":"\n<p>Die Vorstandschaft der Freiwilligen Feuerwehr Warmensteinach tr\u00e4gt Verantwortung f\u00fcr die organisatorischen, finanziellen und kameradschaftlichen Belange des Feuerwehrvereins. Sie unterst\u00fctzt die aktive Wehr, f\u00f6rdert das Vereinsleben und vertritt die Feuerwehr nach au\u00dfen.<\/p>\n\n\n\n<p>In enger Zusammenarbeit mit der F\u00fchrung der aktiven Wehr, der Jugendfeuerwehr und der Gemeinde sorgt die Vorstandschaft daf\u00fcr, dass die Feuerwehr Warmensteinach sowohl organisatorisch als auch gesellschaftlich gut aufgestellt ist. Dabei stehen Zusammenhalt, Engagement und das Ehrenamt stets im Mittelpunkt.<\/p>\n\n\n\n<figure class=\"wp-block-table\"><table class=\"has-fixed-layout\"><tbody><tr><td class=\"has-text-align-center\" data-align=\"center\"><img loading=\"lazy\" decoding=\"async\" width=\"250\" height=\"333\" class=\"wp-image-64\" style=\"width: 250px;\" src=\"https:\/\/www.feuerwehr-warmensteinach.de\/wp-content\/uploads\/2026\/01\/1v.jpg\" alt=\"\" srcset=\"https:\/\/www.feuerwehr-warmensteinach.de\/wp-content\/uploads\/2026\/01\/1v.jpg 600w, https:\/\/www.feuerwehr-warmensteinach.de\/wp-content\/uploads\/2026\/01\/1v-225x300.jpg 225w\" sizes=\"auto, (max-width: 250px) 100vw, 250px\" \/><\/td><td class=\"has-text-align-center\" data-align=\"center\"><img loading=\"lazy\" decoding=\"async\" width=\"250\" height=\"333\" class=\"wp-image-67\" style=\"width: 250px;\" src=\"https:\/\/www.feuerwehr-warmensteinach.de\/wp-content\/uploads\/2026\/01\/2v.jpg\" alt=\"\" srcset=\"https:\/\/www.feuerwehr-warmensteinach.de\/wp-content\/uploads\/2026\/01\/2v.jpg 600w, https:\/\/www.feuerwehr-warmensteinach.de\/wp-content\/uploads\/2026\/01\/2v-225x300.jpg 225w\" sizes=\"auto, (max-width: 250px) 100vw, 250px\" \/><\/td><td class=\"has-text-align-center\" data-align=\"center\"><img loading=\"lazy\" decoding=\"async\" width=\"250\" height=\"333\" class=\"wp-image-62\" style=\"width: 250px;\" src=\"https:\/\/www.feuerwehr-warmensteinach.de\/wp-content\/uploads\/2026\/01\/1k.jpg\" alt=\"\" srcset=\"https:\/\/www.feuerwehr-warmensteinach.de\/wp-content\/uploads\/2026\/01\/1k.jpg 600w, https:\/\/www.feuerwehr-warmensteinach.de\/wp-content\/uploads\/2026\/01\/1k-225x300.jpg 225w\" sizes=\"auto, (max-width: 250px) 100vw, 250px\" \/><\/td><\/tr><tr><td class=\"has-text-align-center\" data-align=\"center\">1. Vorstand<br>Johannes Grie\u00dfhammer<\/td><td class=\"has-text-align-center\" data-align=\"center\">2. Vorstand<br>Kevin N\u00f6lkel<\/td><td class=\"has-text-align-center\" data-align=\"center\">1. Kassier <br>Florian M\u00f6hrlein<\/td><\/tr><tr><td class=\"has-text-align-center\" data-align=\"center\"><img loading=\"lazy\" decoding=\"async\" width=\"250\" height=\"333\" class=\"wp-image-65\" style=\"width: 250px;\" src=\"https:\/\/www.feuerwehr-warmensteinach.de\/wp-content\/uploads\/2026\/01\/2k.jpg\" alt=\"\" srcset=\"https:\/\/www.feuerwehr-warmensteinach.de\/wp-content\/uploads\/2026\/01\/2k.jpg 600w, https:\/\/www.feuerwehr-warmensteinach.de\/wp-content\/uploads\/2026\/01\/2k-225x300.jpg 225w\" sizes=\"auto, (max-width: 250px) 100vw, 250px\" \/><\/td><td class=\"has-text-align-center\" data-align=\"center\"><img loading=\"lazy\" decoding=\"async\" width=\"250\" height=\"333\" class=\"wp-image-63\" style=\"width: 250px;\" src=\"https:\/\/www.feuerwehr-warmensteinach.de\/wp-content\/uploads\/2026\/01\/1sf.jpg\" alt=\"\" srcset=\"https:\/\/www.feuerwehr-warmensteinach.de\/wp-content\/uploads\/2026\/01\/1sf.jpg 600w, https:\/\/www.feuerwehr-warmensteinach.de\/wp-content\/uploads\/2026\/01\/1sf-225x300.jpg 225w\" sizes=\"auto, (max-width: 250px) 100vw, 250px\" \/><\/td><td class=\"has-text-align-center\" data-align=\"center\"><img loading=\"lazy\" decoding=\"async\" width=\"250\" height=\"333\" class=\"wp-image-66\" style=\"width: 250px;\" src=\"https:\/\/www.feuerwehr-warmensteinach.de\/wp-content\/uploads\/2026\/01\/2sf.jpg\" alt=\"\" srcset=\"https:\/\/www.feuerwehr-warmensteinach.de\/wp-content\/uploads\/2026\/01\/2sf.jpg 600w, https:\/\/www.feuerwehr-warmensteinach.de\/wp-content\/uploads\/2026\/01\/2sf-225x300.jpg 225w\" sizes=\"auto, (max-width: 250px) 100vw, 250px\" \/><\/td><\/tr><tr><td class=\"has-text-align-center\" data-align=\"center\">2. Kassier<br>Thomas Hujer<\/td><td class=\"has-text-align-center\" data-align=\"center\">1. Schriftf\u00fchrer<br>Bj\u00f6rn Lehnert<\/td><td class=\"has-text-align-center\" data-align=\"center\">2. Schriftf\u00fchrerin<br>Nicole Rabenstein<\/td><\/tr><\/tbody><\/table><\/figure>\n","protected":false},"excerpt":{"rendered":"<p>Die Vorstandschaft der Freiwilligen Feuerwehr Warmensteinach tr\u00e4gt Verantwortung f\u00fcr die organisatorischen, finanziellen und kameradschaftlichen Belange des Feuerwehrvereins. Sie unterst\u00fctzt die aktive Wehr, f\u00f6rdert das Vereinsleben und vertritt die Feuerwehr nach au\u00dfen. In enger Zusammenarbeit mit der F\u00fchrung der aktiven Wehr, der Jugendfeuerwehr und der Gemeinde sorgt die Vorstandschaft daf\u00fcr, dass die Feuerwehr Warmensteinach sowohl organisatorisch [&hellip;]<\/p>\n","protected":false},"author":1,"featured_media":0,"parent":0,"menu_order":0,"comment_status":"closed","ping_status":"closed","template":"","meta":{"footnotes":""},"class_list":["post-26","page","type-page","status-publish","hentry"],"_links":{"self":[{"href":"https:\/\/www.feuerwehr-warmensteinach.de\/index.php?rest_route=\/wp\/v2\/pages\/26","targetHints":{"allow":["GET"]}}],"collection":[{"href":"https:\/\/www.feuerwehr-warmensteinach.de\/index.php?rest_route=\/wp\/v2\/pages"}],"about":[{"href":"https:\/\/www.feuerwehr-warmensteinach.de\/index.php?rest_route=\/wp\/v2\/types\/page"}],"author":[{"embeddable":true,"href":"https:\/\/www.feuerwehr-warmensteinach.de\/index.php?rest_route=\/wp\/v2\/users\/1"}],"replies":[{"embeddable":true,"href":"https:\/\/www.feuerwehr-warmensteinach.de\/index.php?rest_route=%2Fwp%2Fv2%2Fcomments&post=26"}],"version-history":[{"count":4,"href":"https:\/\/www.feuerwehr-warmensteinach.de\/index.php?rest_route=\/wp\/v2\/pages\/26\/revisions"}],"predecessor-version":[{"id":70,"href":"https:\/\/www.feuerwehr-warmensteinach.de\/index.php?rest_route=\/wp\/v2\/pages\/26\/revisions\/70"}],"wp:attachment":[{"href":"https:\/\/www.feuerwehr-warmensteinach.de\/index.php?rest_route=%2Fwp%2Fv2%2Fmedia&parent=26"}],"curies":[{"name":"wp","href":"https:\/\/api.w.org\/{rel}","templated":true}]}}