{"id":71,"date":"2026-01-10T12:14:11","date_gmt":"2026-01-10T12:14:11","guid":{"rendered":"https:\/\/neu.feuerwehr-warmensteinach.de\/?page_id=71"},"modified":"2026-01-10T12:14:11","modified_gmt":"2026-01-10T12:14:11","slug":"kinder-jugend","status":"publish","type":"page","link":"https:\/\/www.feuerwehr-warmensteinach.de\/?page_id=71","title":{"rendered":"Kinder &amp; Jugend"},"content":{"rendered":"\n<h2 class=\"wp-block-heading\">Kinderfeuerwehr<\/h2>\n\n\n\n<p>In der Kinderfeuerwehr des L\u00f6schzugs Warmensteinach \/ Oberwarmensteinach sind aktuell rund 20 Kinder aktiv. DIe Kinderfeuerwehr wird gemeinsam mit den Kindern aus Warmensteinach und Oberwarmensteinach im L\u00f6schzug durchgef\u00fchrt.<\/p>\n\n\n\n<p>Spielerisch und altersgerecht lernen die Kinder den Umgang mit Feuerwehrthemen, Teamarbeit und gegenseitige Hilfe kennen. Dabei stehen Spa\u00df, Gemeinschaft und das gemeinsame Erleben im Vordergrund. Erste Einblicke in Technik, Brandschutz und das Verhalten in Notf\u00e4llen geh\u00f6ren ebenso dazu.<\/p>\n\n\n\n<p>Die Kinderfeuerwehr bietet einen wichtigen Einstieg in die Feuerwehrarbeit und legt die Grundlage f\u00fcr den sp\u00e4teren \u00dcbergang in die Jugendfeuerwehr. Die Kinderfeuerwehr ist f\u00fcr KInder zwischen 6 und 12 Jahren vorgesehen.<\/p>\n\n\n\n<hr class=\"wp-block-separator has-alpha-channel-opacity\"\/>\n\n\n\n<h2 class=\"wp-block-heading\">Jugendfeuerwehr<\/h2>\n\n\n\n<p>Nicht nur das L\u00f6schen von Br\u00e4nden, sondern in erster Linie das Retten von Mensch und Tier, aber auch Technische Hilfeleistung bei Unf\u00e4llen, Sturm und Hochwasser und das Sch\u00fctzen der Umwelt sind einige Aufgaben der Feuerwehr.<\/p>\n\n\n\n<p>In der Jugendfeuerwehr wird man langsam mit Spa\u00df an der Sache an diese Aufgaben herangef\u00fchrt.<br>Dies geschieht in der Regel durch Fahrzeug- und Ger\u00e4tekunde sowie durch zahlreiche \u00dcbungen in den Bereichen der Brandbek\u00e4mpfung, der technischen Hilfeleistung und durch die Teilnahme an Wettk\u00e4mpfen.<\/p>\n\n\n\n<p>Neben der feuerwehrtechnischen Ausbildung kommen aber auch andere Aktivit\u00e4ten nicht zu kurz. Man trifft sich mit Freunden, unternimmt Ausfl\u00fcge und Zeltlager und hat viel Spa\u00df miteinander.<\/p>\n\n\n\n<p>In der Jugendfeuerwehr k\u00f6nnen alle Jugendlichen zwischen 12 und 18 Jahre mitmachen. Danach erfolgt die \u00dcbernahme in den aktiven Dienst.<\/p>\n\n\n\n<p><\/p>\n","protected":false},"excerpt":{"rendered":"<p>Kinderfeuerwehr In der Kinderfeuerwehr des L\u00f6schzugs Warmensteinach \/ Oberwarmensteinach sind aktuell rund 20 Kinder aktiv. DIe Kinderfeuerwehr wird gemeinsam mit den Kindern aus Warmensteinach und Oberwarmensteinach im L\u00f6schzug durchgef\u00fchrt. Spielerisch und altersgerecht lernen die Kinder den Umgang mit Feuerwehrthemen, Teamarbeit und gegenseitige Hilfe kennen. Dabei stehen Spa\u00df, Gemeinschaft und das gemeinsame Erleben im Vordergrund. Erste [&hellip;]<\/p>\n","protected":false},"author":1,"featured_media":0,"parent":0,"menu_order":0,"comment_status":"closed","ping_status":"closed","template":"","meta":{"footnotes":""},"class_list":["post-71","page","type-page","status-publish","hentry"],"_links":{"self":[{"href":"https:\/\/www.feuerwehr-warmensteinach.de\/index.php?rest_route=\/wp\/v2\/pages\/71","targetHints":{"allow":["GET"]}}],"collection":[{"href":"https:\/\/www.feuerwehr-warmensteinach.de\/index.php?rest_route=\/wp\/v2\/pages"}],"about":[{"href":"https:\/\/www.feuerwehr-warmensteinach.de\/index.php?rest_route=\/wp\/v2\/types\/page"}],"author":[{"embeddable":true,"href":"https:\/\/www.feuerwehr-warmensteinach.de\/index.php?rest_route=\/wp\/v2\/users\/1"}],"replies":[{"embeddable":true,"href":"https:\/\/www.feuerwehr-warmensteinach.de\/index.php?rest_route=%2Fwp%2Fv2%2Fcomments&post=71"}],"version-history":[{"count":1,"href":"https:\/\/www.feuerwehr-warmensteinach.de\/index.php?rest_route=\/wp\/v2\/pages\/71\/revisions"}],"predecessor-version":[{"id":72,"href":"https:\/\/www.feuerwehr-warmensteinach.de\/index.php?rest_route=\/wp\/v2\/pages\/71\/revisions\/72"}],"wp:attachment":[{"href":"https:\/\/www.feuerwehr-warmensteinach.de\/index.php?rest_route=%2Fwp%2Fv2%2Fmedia&parent=71"}],"curies":[{"name":"wp","href":"https:\/\/api.w.org\/{rel}","templated":true}]}}